{"id":2136,"date":"2022-04-11T14:09:16","date_gmt":"2022-04-11T14:09:16","guid":{"rendered":"https:\/\/x22.vg.is\/podkreslenia-wyborcze\/gospodarka\/"},"modified":"2022-05-04T13:23:20","modified_gmt":"2022-05-04T13:23:20","slug":"gospodarka","status":"publish","type":"page","link":"https:\/\/x22.vg.is\/pl\/podkreslenia-wyborcze\/gospodarka\/","title":{"rendered":"Gospodarka"},"content":{"rendered":"\t\t<div data-elementor-type=\"wp-page\" data-elementor-id=\"2136\" class=\"elementor elementor-2136\" data-elementor-post-type=\"page\">\n\t\t\t\t\t\t<section class=\"elementor-section elementor-top-section elementor-element elementor-element-3e6b3c1 elementor-section-full_width elementor-section-height-default elementor-section-height-default\" data-id=\"3e6b3c1\" data-element_type=\"section\">\n\t\t\t\t\t\t<div class=\"elementor-container elementor-column-gap-no\">\n\t\t\t\t\t<div class=\"elementor-column elementor-col-100 elementor-top-column elementor-element elementor-element-a1f5dc0\" data-id=\"a1f5dc0\" data-element_type=\"column\">\n\t\t\t<div class=\"elementor-widget-wrap elementor-element-populated\">\n\t\t\t\t<div class=\"elementor-element elementor-element-56ce918 e-con-full e-flex e-con e-parent\" data-id=\"56ce918\" data-element_type=\"container\" id=\"aherslugrid\">\n\t\t<div class=\"elementor-element elementor-element-558f4e7 aherslur-griditem2 e-flex e-con-boxed e-con e-parent\" data-id=\"558f4e7\" data-element_type=\"container\" data-settings=\"{&quot;background_background&quot;:&quot;classic&quot;}\">\n\t\t\t\t\t<div class=\"e-con-inner\">\n\t\t\t\t<div class=\"elementor-element elementor-element-b8a6041 elementor-widget elementor-widget-heading\" data-id=\"b8a6041\" data-element_type=\"widget\" data-widget_type=\"heading.default\">\n\t\t\t\t<div class=\"elementor-widget-container\">\n\t\t\t<h2 class=\"elementor-heading-title elementor-size-default\">Stworzymy stanowiska pracy bez okre\u015blania miejsca wykonywania pracy oraz <strong>centra pracy zdalnej<\/strong><\/h2>\t\t<\/div>\n\t\t\t\t<\/div>\n\t\t\t\t\t<\/div>\n\t\t\t\t<\/div>\n\t\t<div class=\"elementor-element elementor-element-2dde01d aherslur-griditem2 e-flex e-con-boxed e-con e-parent\" data-id=\"2dde01d\" data-element_type=\"container\" data-settings=\"{&quot;background_background&quot;:&quot;classic&quot;}\">\n\t\t\t\t\t<div class=\"e-con-inner\">\n\t\t\t\t<div class=\"elementor-element elementor-element-33c4b55 elementor-widget elementor-widget-heading\" data-id=\"33c4b55\" data-element_type=\"widget\" data-widget_type=\"heading.default\">\n\t\t\t\t<div class=\"elementor-widget-container\">\n\t\t\t<h2 class=\"elementor-heading-title elementor-size-default\"><strong>Zintensyfikujemy wsp\u00f3\u0142prac\u0119<\/strong> gmin z instytucjami edukacyjnymi i \u015brodowiskiem biznesowym w celu tworzenia miejsc przeznaczonych do pracy zdalnej<\/h2>\t\t<\/div>\n\t\t\t\t<\/div>\n\t\t\t\t\t<\/div>\n\t\t\t\t<\/div>\n\t\t<div class=\"elementor-element elementor-element-f558273 aherslur-griditem2 e-flex e-con-boxed e-con e-parent\" data-id=\"f558273\" data-element_type=\"container\" data-settings=\"{&quot;background_background&quot;:&quot;classic&quot;}\">\n\t\t\t\t\t<div class=\"e-con-inner\">\n\t\t\t\t<div class=\"elementor-element elementor-element-f986cea elementor-widget elementor-widget-heading\" data-id=\"f986cea\" data-element_type=\"widget\" data-widget_type=\"heading.default\">\n\t\t\t\t<div class=\"elementor-widget-container\">\n\t\t\t<h2 class=\"elementor-heading-title elementor-size-default\">Stworzymy miejsca pracy zwi\u0105zane <strong>zochron\u0105 przyrody i \u015brodowiska<\/strong> oraz rozwojem teren\u00f3w zielonych<\/h2>\t\t<\/div>\n\t\t\t\t<\/div>\n\t\t\t\t\t<\/div>\n\t\t\t\t<\/div>\n\t\t<div class=\"elementor-element elementor-element-3d87074 aherslur-griditem2 e-flex e-con-boxed e-con e-parent\" data-id=\"3d87074\" data-element_type=\"container\" data-settings=\"{&quot;background_background&quot;:&quot;classic&quot;}\">\n\t\t\t\t\t<div class=\"e-con-inner\">\n\t\t\t\t<div class=\"elementor-element elementor-element-2caed56 elementor-widget elementor-widget-heading\" data-id=\"2caed56\" data-element_type=\"widget\" data-widget_type=\"heading.default\">\n\t\t\t\t<div class=\"elementor-widget-container\">\n\t\t\t<h2 class=\"elementor-heading-title elementor-size-default\"><strong>Zrewidujemy \u017ar\u00f3d\u0142a dochod\u00f3w<\/strong> uzyskiwanych gminy.<\/h2>\t\t<\/div>\n\t\t\t\t<\/div>\n\t\t\t\t\t<\/div>\n\t\t\t\t<\/div>\n\t\t<div class=\"elementor-element elementor-element-6aa5156 aherslur-griditem2 e-flex e-con-boxed e-con e-parent\" data-id=\"6aa5156\" data-element_type=\"container\" data-settings=\"{&quot;background_background&quot;:&quot;classic&quot;}\">\n\t\t\t\t\t<div class=\"e-con-inner\">\n\t\t\t\t<div class=\"elementor-element elementor-element-dc7b476 elementor-widget elementor-widget-heading\" data-id=\"dc7b476\" data-element_type=\"widget\" data-widget_type=\"heading.default\">\n\t\t\t\t<div class=\"elementor-widget-container\">\n\t\t\t<h2 class=\"elementor-heading-title elementor-size-default\">Promowa\u0107 b\u0119dziemy <strong>pe\u0142ne przetwarzanie produkt\u00f3w na rynku lokalnym<\/strong> z naciskiem na gospodark\u0119 o obiegu zamkni\u0119tym, na przyk\u0142ad przy produkcji nawoz\u00f3w<\/h2>\t\t<\/div>\n\t\t\t\t<\/div>\n\t\t\t\t\t<\/div>\n\t\t\t\t<\/div>\n\t\t\t\t<\/div>\n\t\t\t\t\t<\/div>\n\t\t<\/div>\n\t\t\t\t\t<\/div>\n\t\t<\/section>\n\t\t\t\t<\/div>\n\t\t","protected":false},"excerpt":{"rendered":"<p>Stworzymy stanowiska pracy bez okre\u015blania miejsca wykonywania pracy oraz centra pracy zdalnej Zintensyfikujemy wsp\u00f3\u0142prac\u0119 gmin z instytucjami edukacyjnymi i \u015brodowiskiem biznesowym w celu tworzenia miejsc przeznaczonych do pracy zdalnej Stworzymy miejsca pracy zwi\u0105zane zochron\u0105 przyrody i \u015brodowiska oraz rozwojem teren\u00f3w zielonych Zrewidujemy \u017ar\u00f3d\u0142a dochod\u00f3w uzyskiwanych gminy. Promowa\u0107 b\u0119dziemy pe\u0142ne przetwarzanie produkt\u00f3w na rynku lokalnym z [&hellip;]<\/p>\n","protected":false},"author":1,"featured_media":1281,"parent":1996,"menu_order":0,"comment_status":"closed","ping_status":"closed","template":"","meta":{"footnotes":""},"malefni":[],"class_list":["post-2136","page","type-page","status-publish","has-post-thumbnail","hentry"],"_links":{"self":[{"href":"https:\/\/x22.vg.is\/pl\/wp-json\/wp\/v2\/pages\/2136","targetHints":{"allow":["GET"]}}],"collection":[{"href":"https:\/\/x22.vg.is\/pl\/wp-json\/wp\/v2\/pages"}],"about":[{"href":"https:\/\/x22.vg.is\/pl\/wp-json\/wp\/v2\/types\/page"}],"author":[{"embeddable":true,"href":"https:\/\/x22.vg.is\/pl\/wp-json\/wp\/v2\/users\/1"}],"replies":[{"embeddable":true,"href":"https:\/\/x22.vg.is\/pl\/wp-json\/wp\/v2\/comments?post=2136"}],"version-history":[{"count":6,"href":"https:\/\/x22.vg.is\/pl\/wp-json\/wp\/v2\/pages\/2136\/revisions"}],"predecessor-version":[{"id":2142,"href":"https:\/\/x22.vg.is\/pl\/wp-json\/wp\/v2\/pages\/2136\/revisions\/2142"}],"up":[{"embeddable":true,"href":"https:\/\/x22.vg.is\/pl\/wp-json\/wp\/v2\/pages\/1996"}],"wp:featuredmedia":[{"embeddable":true,"href":"https:\/\/x22.vg.is\/pl\/wp-json\/wp\/v2\/media\/1281"}],"wp:attachment":[{"href":"https:\/\/x22.vg.is\/pl\/wp-json\/wp\/v2\/media?parent=2136"}],"wp:term":[{"taxonomy":"malefni","embeddable":true,"href":"https:\/\/x22.vg.is\/pl\/wp-json\/wp\/v2\/malefni?post=2136"}],"curies":[{"name":"wp","href":"https:\/\/api.w.org\/{rel}","templated":true}]}}