{"id":2125,"date":"2022-04-07T13:14:56","date_gmt":"2022-04-07T13:14:56","guid":{"rendered":"https:\/\/x22.vg.is\/podkreslenia-wyborcze\/kultura\/"},"modified":"2022-05-04T13:15:34","modified_gmt":"2022-05-04T13:15:34","slug":"kultura","status":"publish","type":"page","link":"https:\/\/x22.vg.is\/pl\/podkreslenia-wyborcze\/kultura\/","title":{"rendered":"Kultura"},"content":{"rendered":"\t\t<div data-elementor-type=\"wp-page\" data-elementor-id=\"2125\" class=\"elementor elementor-2125\" data-elementor-post-type=\"page\">\n\t\t\t\t\t\t<section class=\"elementor-section elementor-top-section elementor-element elementor-element-8dcaffd elementor-section-full_width elementor-section-height-default elementor-section-height-default\" data-id=\"8dcaffd\" data-element_type=\"section\">\n\t\t\t\t\t\t<div class=\"elementor-container elementor-column-gap-no\">\n\t\t\t\t\t<div class=\"elementor-column elementor-col-100 elementor-top-column elementor-element elementor-element-7d4dc9b\" data-id=\"7d4dc9b\" data-element_type=\"column\">\n\t\t\t<div class=\"elementor-widget-wrap elementor-element-populated\">\n\t\t\t\t<div class=\"elementor-element elementor-element-41e85a5 e-con-full e-flex e-con e-parent\" data-id=\"41e85a5\" data-element_type=\"container\" id=\"aherslugrid\">\n\t\t<div class=\"elementor-element elementor-element-80210be aherslur-griditem2 e-flex e-con-boxed e-con e-parent\" data-id=\"80210be\" data-element_type=\"container\" data-settings=\"{&quot;background_background&quot;:&quot;classic&quot;}\">\n\t\t\t\t\t<div class=\"e-con-inner\">\n\t\t\t\t<div class=\"elementor-element elementor-element-6c94a1a elementor-widget elementor-widget-heading\" data-id=\"6c94a1a\" data-element_type=\"widget\" data-widget_type=\"heading.default\">\n\t\t\t\t<div class=\"elementor-widget-container\">\n\t\t\t<h2 class=\"elementor-heading-title elementor-size-default\">Wspieramy bogata <strong>ofert\u0119 artystyczn\u0105 i kulturaln\u0105<\/strong> w gminach<\/h2>\t\t<\/div>\n\t\t\t\t<\/div>\n\t\t\t\t\t<\/div>\n\t\t\t\t<\/div>\n\t\t<div class=\"elementor-element elementor-element-945ac78 aherslur-griditem2 e-flex e-con-boxed e-con e-parent\" data-id=\"945ac78\" data-element_type=\"container\" data-settings=\"{&quot;background_background&quot;:&quot;classic&quot;}\">\n\t\t\t\t\t<div class=\"e-con-inner\">\n\t\t\t\t<div class=\"elementor-element elementor-element-ad774a9 elementor-widget elementor-widget-heading\" data-id=\"ad774a9\" data-element_type=\"widget\" data-widget_type=\"heading.default\">\n\t\t\t\t<div class=\"elementor-widget-container\">\n\t\t\t<h2 class=\"elementor-heading-title elementor-size-default\"><strong>Promujemy wsp\u00f3\u0142prac\u0119<\/strong> mi\u0119dzy gminami w prowadzeniu profesjonalnej dzia\u0142alno\u015bci muzealnej oraz ochronie zabytk\u00f3w kultury<\/h2>\t\t<\/div>\n\t\t\t\t<\/div>\n\t\t\t\t\t<\/div>\n\t\t\t\t<\/div>\n\t\t<div class=\"elementor-element elementor-element-a3abd81 aherslur-griditem2 e-flex e-con-boxed e-con e-parent\" data-id=\"a3abd81\" data-element_type=\"container\" data-settings=\"{&quot;background_background&quot;:&quot;classic&quot;}\">\n\t\t\t\t\t<div class=\"e-con-inner\">\n\t\t\t\t<div class=\"elementor-element elementor-element-e6aa18f elementor-widget elementor-widget-heading\" data-id=\"e6aa18f\" data-element_type=\"widget\" data-widget_type=\"heading.default\">\n\t\t\t\t<div class=\"elementor-widget-container\">\n\t\t\t<h2 class=\"elementor-heading-title elementor-size-default\">Ka\u017cda osoba powinna mie\u0107 mo\u017cliwo\u015b\u0107 uczestniczenia w wydarzeniach kulturalnych, <strong>bez wzgl\u0119du na klas\u0119 spo\u0142eczn\u0105 czy status materialny<\/strong><\/h2>\t\t<\/div>\n\t\t\t\t<\/div>\n\t\t\t\t\t<\/div>\n\t\t\t\t<\/div>\n\t\t<div class=\"elementor-element elementor-element-ae83065 aherslur-griditem2 e-flex e-con-boxed e-con e-parent\" data-id=\"ae83065\" data-element_type=\"container\" data-settings=\"{&quot;background_background&quot;:&quot;classic&quot;}\">\n\t\t\t\t\t<div class=\"e-con-inner\">\n\t\t\t\t<div class=\"elementor-element elementor-element-955045d elementor-widget elementor-widget-heading\" data-id=\"955045d\" data-element_type=\"widget\" data-widget_type=\"heading.default\">\n\t\t\t\t<div class=\"elementor-widget-container\">\n\t\t\t<h2 class=\"elementor-heading-title elementor-size-default\">Zapewnimy <strong>dzieciom dost\u0119p<\/strong> do kultury, sztuki oraz zaj\u0119\u0107 tw\u00f3rczych<\/h2>\t\t<\/div>\n\t\t\t\t<\/div>\n\t\t\t\t\t<\/div>\n\t\t\t\t<\/div>\n\t\t<div class=\"elementor-element elementor-element-460eb68 aherslur-griditem2 e-flex e-con-boxed e-con e-parent\" data-id=\"460eb68\" data-element_type=\"container\" data-settings=\"{&quot;background_background&quot;:&quot;classic&quot;}\">\n\t\t\t\t\t<div class=\"e-con-inner\">\n\t\t\t\t<div class=\"elementor-element elementor-element-1a039bd elementor-widget elementor-widget-heading\" data-id=\"1a039bd\" data-element_type=\"widget\" data-widget_type=\"heading.default\">\n\t\t\t\t<div class=\"elementor-widget-container\">\n\t\t\t<h2 class=\"elementor-heading-title elementor-size-default\">B\u0119dziemy promowa\u0107 <strong>organizacj\u0119 kszta\u0142cenia artystycznego<\/strong> na wszystkich poziomach edukacji<\/h2>\t\t<\/div>\n\t\t\t\t<\/div>\n\t\t\t\t\t<\/div>\n\t\t\t\t<\/div>\n\t\t<div class=\"elementor-element elementor-element-f2f5475 aherslur-griditem2 e-flex e-con-boxed e-con e-parent\" data-id=\"f2f5475\" data-element_type=\"container\" data-settings=\"{&quot;background_background&quot;:&quot;classic&quot;}\">\n\t\t\t\t\t<div class=\"e-con-inner\">\n\t\t\t\t<div class=\"elementor-element elementor-element-d5ac387 elementor-widget elementor-widget-heading\" data-id=\"d5ac387\" data-element_type=\"widget\" data-widget_type=\"heading.default\">\n\t\t\t\t<div class=\"elementor-widget-container\">\n\t\t\t<h2 class=\"elementor-heading-title elementor-size-default\">W ka\u017cdej gmina zostanie opracowana bogata polityka w <strong>dziedzinie kultury<\/strong><\/h2>\t\t<\/div>\n\t\t\t\t<\/div>\n\t\t\t\t\t<\/div>\n\t\t\t\t<\/div>\n\t\t\t\t<\/div>\n\t\t\t\t\t<\/div>\n\t\t<\/div>\n\t\t\t\t\t<\/div>\n\t\t<\/section>\n\t\t\t\t<\/div>\n\t\t","protected":false},"excerpt":{"rendered":"<p>Wspieramy bogata ofert\u0119 artystyczn\u0105 i kulturaln\u0105 w gminach Promujemy wsp\u00f3\u0142prac\u0119 mi\u0119dzy gminami w prowadzeniu profesjonalnej dzia\u0142alno\u015bci muzealnej oraz ochronie zabytk\u00f3w kultury Ka\u017cda osoba powinna mie\u0107 mo\u017cliwo\u015b\u0107 uczestniczenia w wydarzeniach kulturalnych, bez wzgl\u0119du na klas\u0119 spo\u0142eczn\u0105 czy status materialny Zapewnimy dzieciom dost\u0119p do kultury, sztuki oraz zaj\u0119\u0107 tw\u00f3rczych B\u0119dziemy promowa\u0107 organizacj\u0119 kszta\u0142cenia artystycznego na wszystkich poziomach [&hellip;]<\/p>\n","protected":false},"author":1,"featured_media":1273,"parent":1996,"menu_order":0,"comment_status":"closed","ping_status":"closed","template":"","meta":{"footnotes":""},"malefni":[],"class_list":["post-2125","page","type-page","status-publish","has-post-thumbnail","hentry"],"_links":{"self":[{"href":"https:\/\/x22.vg.is\/pl\/wp-json\/wp\/v2\/pages\/2125","targetHints":{"allow":["GET"]}}],"collection":[{"href":"https:\/\/x22.vg.is\/pl\/wp-json\/wp\/v2\/pages"}],"about":[{"href":"https:\/\/x22.vg.is\/pl\/wp-json\/wp\/v2\/types\/page"}],"author":[{"embeddable":true,"href":"https:\/\/x22.vg.is\/pl\/wp-json\/wp\/v2\/users\/1"}],"replies":[{"embeddable":true,"href":"https:\/\/x22.vg.is\/pl\/wp-json\/wp\/v2\/comments?post=2125"}],"version-history":[{"count":6,"href":"https:\/\/x22.vg.is\/pl\/wp-json\/wp\/v2\/pages\/2125\/revisions"}],"predecessor-version":[{"id":2131,"href":"https:\/\/x22.vg.is\/pl\/wp-json\/wp\/v2\/pages\/2125\/revisions\/2131"}],"up":[{"embeddable":true,"href":"https:\/\/x22.vg.is\/pl\/wp-json\/wp\/v2\/pages\/1996"}],"wp:featuredmedia":[{"embeddable":true,"href":"https:\/\/x22.vg.is\/pl\/wp-json\/wp\/v2\/media\/1273"}],"wp:attachment":[{"href":"https:\/\/x22.vg.is\/pl\/wp-json\/wp\/v2\/media?parent=2125"}],"wp:term":[{"taxonomy":"malefni","embeddable":true,"href":"https:\/\/x22.vg.is\/pl\/wp-json\/wp\/v2\/malefni?post=2125"}],"curies":[{"name":"wp","href":"https:\/\/api.w.org\/{rel}","templated":true}]}}