{"id":2102,"date":"2022-04-11T13:57:01","date_gmt":"2022-04-11T13:57:01","guid":{"rendered":"https:\/\/x22.vg.is\/podkreslenia-wyborcze\/transport\/"},"modified":"2022-05-04T11:49:44","modified_gmt":"2022-05-04T11:49:44","slug":"transport","status":"publish","type":"page","link":"https:\/\/x22.vg.is\/pl\/podkreslenia-wyborcze\/transport\/","title":{"rendered":"Transport"},"content":{"rendered":"\t\t<div data-elementor-type=\"wp-page\" data-elementor-id=\"2102\" class=\"elementor elementor-2102\" data-elementor-post-type=\"page\">\n\t\t\t\t\t\t<section class=\"elementor-section elementor-top-section elementor-element elementor-element-1f48a66 elementor-section-full_width elementor-section-height-default elementor-section-height-default\" data-id=\"1f48a66\" data-element_type=\"section\">\n\t\t\t\t\t\t<div class=\"elementor-container elementor-column-gap-no\">\n\t\t\t\t\t<div class=\"elementor-column elementor-col-100 elementor-top-column elementor-element elementor-element-f3081af\" data-id=\"f3081af\" data-element_type=\"column\">\n\t\t\t<div class=\"elementor-widget-wrap elementor-element-populated\">\n\t\t\t\t<div class=\"elementor-element elementor-element-abf6144 e-con-full e-flex e-con e-parent\" data-id=\"abf6144\" data-element_type=\"container\" id=\"aherslugrid\">\n\t\t<div class=\"elementor-element elementor-element-6396e6e aherslur-griditem2 e-flex e-con-boxed e-con e-parent\" data-id=\"6396e6e\" data-element_type=\"container\" data-settings=\"{&quot;background_background&quot;:&quot;classic&quot;}\">\n\t\t\t\t\t<div class=\"e-con-inner\">\n\t\t\t\t<div class=\"elementor-element elementor-element-9ef52a8 elementor-widget elementor-widget-heading\" data-id=\"9ef52a8\" data-element_type=\"widget\" data-widget_type=\"heading.default\">\n\t\t\t\t<div class=\"elementor-widget-container\">\n\t\t\t<h2 class=\"elementor-heading-title elementor-size-default\">K\u0142adziemy nacisk na u\u017cywanie r\u00f3\u017cnorodnych i <strong>przyjaznych dla \u015brodowiska \u015brodk\u00f3w transportu<\/strong><\/h2>\t\t<\/div>\n\t\t\t\t<\/div>\n\t\t\t\t\t<\/div>\n\t\t\t\t<\/div>\n\t\t<div class=\"elementor-element elementor-element-a2ba76f aherslur-griditem2 e-flex e-con-boxed e-con e-parent\" data-id=\"a2ba76f\" data-element_type=\"container\" data-settings=\"{&quot;background_background&quot;:&quot;classic&quot;}\">\n\t\t\t\t\t<div class=\"e-con-inner\">\n\t\t\t\t<div class=\"elementor-element elementor-element-32617f8 elementor-widget elementor-widget-heading\" data-id=\"32617f8\" data-element_type=\"widget\" data-widget_type=\"heading.default\">\n\t\t\t\t<div class=\"elementor-widget-container\">\n\t\t\t<h2 class=\"elementor-heading-title elementor-size-default\">Wykorzystamy gospodark\u0119 wsp\u00f3\u0142dzielenia, aby zmniejszy\u0107 ruch uliczny i <strong>podnie\u015b\u0107 jako\u015b\u0107 \u017cycia<\/strong><\/h2>\t\t<\/div>\n\t\t\t\t<\/div>\n\t\t\t\t\t<\/div>\n\t\t\t\t<\/div>\n\t\t<div class=\"elementor-element elementor-element-36e75ff aherslur-griditem2 e-flex e-con-boxed e-con e-parent\" data-id=\"36e75ff\" data-element_type=\"container\" data-settings=\"{&quot;background_background&quot;:&quot;classic&quot;}\">\n\t\t\t\t\t<div class=\"e-con-inner\">\n\t\t\t\t<div class=\"elementor-element elementor-element-d01b58c elementor-widget elementor-widget-heading\" data-id=\"d01b58c\" data-element_type=\"widget\" data-widget_type=\"heading.default\">\n\t\t\t\t<div class=\"elementor-widget-container\">\n\t\t\t<h2 class=\"elementor-heading-title elementor-size-default\">Stworzymy silne o\u015brodki mieszkaniowe i <strong>wydajny transport publiczny<\/strong><\/h2>\t\t<\/div>\n\t\t\t\t<\/div>\n\t\t\t\t<div class=\"elementor-element elementor-element-9dd2bc2 elementor-widget elementor-widget-text-editor\" data-id=\"9dd2bc2\" data-element_type=\"widget\" data-widget_type=\"text-editor.default\">\n\t\t\t\t<div class=\"elementor-widget-container\">\n\t\t\t\t\t\t\t<p>VG vill byggja upp sterkar b\u00fasetuheildir \u00ed gegnum skipulag og \u00f6flugar almenningssamg\u00f6ngur. F\u00e6rum f\u00f3lk n\u00e6r hvert \u00f6\u00f0ru, st\u00f6rfum s\u00ednum og \u00fej\u00f3nustu.<\/p>\t\t\t\t\t\t<\/div>\n\t\t\t\t<\/div>\n\t\t\t\t\t<\/div>\n\t\t\t\t<\/div>\n\t\t<div class=\"elementor-element elementor-element-aa44281 aherslur-griditem2 e-flex e-con-boxed e-con e-parent\" data-id=\"aa44281\" data-element_type=\"container\" data-settings=\"{&quot;background_background&quot;:&quot;classic&quot;}\">\n\t\t\t\t\t<div class=\"e-con-inner\">\n\t\t\t\t<div class=\"elementor-element elementor-element-cc342f2 elementor-widget elementor-widget-heading\" data-id=\"cc342f2\" data-element_type=\"widget\" data-widget_type=\"heading.default\">\n\t\t\t\t<div class=\"elementor-widget-container\">\n\t\t\t<h2 class=\"elementor-heading-title elementor-size-default\">Gospodarka wsp\u00f3\u0142dzielenia <strong>b\u0119dzie s\u0142u\u017cy\u0107 ludziom<\/strong>, a nie kapita\u0142owi<\/h2>\t\t<\/div>\n\t\t\t\t<\/div>\n\t\t\t\t\t<\/div>\n\t\t\t\t<\/div>\n\t\t\t\t<\/div>\n\t\t\t\t\t<\/div>\n\t\t<\/div>\n\t\t\t\t\t<\/div>\n\t\t<\/section>\n\t\t\t\t<\/div>\n\t\t","protected":false},"excerpt":{"rendered":"<p>K\u0142adziemy nacisk na u\u017cywanie r\u00f3\u017cnorodnych i przyjaznych dla \u015brodowiska \u015brodk\u00f3w transportu Wykorzystamy gospodark\u0119 wsp\u00f3\u0142dzielenia, aby zmniejszy\u0107 ruch uliczny i podnie\u015b\u0107 jako\u015b\u0107 \u017cycia Stworzymy silne o\u015brodki mieszkaniowe i wydajny transport publiczny VG vill byggja upp sterkar b\u00fasetuheildir \u00ed gegnum skipulag og \u00f6flugar almenningssamg\u00f6ngur. F\u00e6rum f\u00f3lk n\u00e6r hvert \u00f6\u00f0ru, st\u00f6rfum s\u00ednum og \u00fej\u00f3nustu. Gospodarka wsp\u00f3\u0142dzielenia b\u0119dzie s\u0142u\u017cy\u0107 [&hellip;]<\/p>\n","protected":false},"author":1,"featured_media":1279,"parent":1996,"menu_order":0,"comment_status":"closed","ping_status":"closed","template":"","meta":{"footnotes":""},"malefni":[],"class_list":["post-2102","page","type-page","status-publish","has-post-thumbnail","hentry"],"_links":{"self":[{"href":"https:\/\/x22.vg.is\/pl\/wp-json\/wp\/v2\/pages\/2102","targetHints":{"allow":["GET"]}}],"collection":[{"href":"https:\/\/x22.vg.is\/pl\/wp-json\/wp\/v2\/pages"}],"about":[{"href":"https:\/\/x22.vg.is\/pl\/wp-json\/wp\/v2\/types\/page"}],"author":[{"embeddable":true,"href":"https:\/\/x22.vg.is\/pl\/wp-json\/wp\/v2\/users\/1"}],"replies":[{"embeddable":true,"href":"https:\/\/x22.vg.is\/pl\/wp-json\/wp\/v2\/comments?post=2102"}],"version-history":[{"count":1,"href":"https:\/\/x22.vg.is\/pl\/wp-json\/wp\/v2\/pages\/2102\/revisions"}],"predecessor-version":[{"id":2103,"href":"https:\/\/x22.vg.is\/pl\/wp-json\/wp\/v2\/pages\/2102\/revisions\/2103"}],"up":[{"embeddable":true,"href":"https:\/\/x22.vg.is\/pl\/wp-json\/wp\/v2\/pages\/1996"}],"wp:featuredmedia":[{"embeddable":true,"href":"https:\/\/x22.vg.is\/pl\/wp-json\/wp\/v2\/media\/1279"}],"wp:attachment":[{"href":"https:\/\/x22.vg.is\/pl\/wp-json\/wp\/v2\/media?parent=2102"}],"wp:term":[{"taxonomy":"malefni","embeddable":true,"href":"https:\/\/x22.vg.is\/pl\/wp-json\/wp\/v2\/malefni?post=2102"}],"curies":[{"name":"wp","href":"https:\/\/api.w.org\/{rel}","templated":true}]}}