{"id":2087,"date":"2022-04-07T13:59:26","date_gmt":"2022-04-07T13:59:26","guid":{"rendered":"https:\/\/x22.vg.is\/podkreslenia-wyborcze\/edukacja\/"},"modified":"2022-05-04T11:43:02","modified_gmt":"2022-05-04T11:43:02","slug":"edukacja","status":"publish","type":"page","link":"https:\/\/x22.vg.is\/pl\/podkreslenia-wyborcze\/edukacja\/","title":{"rendered":"Edukacja"},"content":{"rendered":"\t\t<div data-elementor-type=\"wp-page\" data-elementor-id=\"2087\" class=\"elementor elementor-2087\" data-elementor-post-type=\"page\">\n\t\t\t\t\t\t<section class=\"elementor-section elementor-top-section elementor-element elementor-element-c5c96df elementor-section-full_width elementor-section-height-default elementor-section-height-default\" data-id=\"c5c96df\" data-element_type=\"section\">\n\t\t\t\t\t\t<div class=\"elementor-container elementor-column-gap-no\">\n\t\t\t\t\t<div class=\"elementor-column elementor-col-100 elementor-top-column elementor-element elementor-element-8ff2748\" data-id=\"8ff2748\" data-element_type=\"column\">\n\t\t\t<div class=\"elementor-widget-wrap elementor-element-populated\">\n\t\t\t\t<div class=\"elementor-element elementor-element-c6312fd e-con-full e-flex e-con e-parent\" data-id=\"c6312fd\" data-element_type=\"container\" id=\"aherslugrid\">\n\t\t<div class=\"elementor-element elementor-element-b4606fb aherslur-griditem2 e-flex e-con-boxed e-con e-parent\" data-id=\"b4606fb\" data-element_type=\"container\" data-settings=\"{&quot;background_background&quot;:&quot;classic&quot;}\">\n\t\t\t\t\t<div class=\"e-con-inner\">\n\t\t\t\t<div class=\"elementor-element elementor-element-8429ca7 elementor-widget elementor-widget-heading\" data-id=\"8429ca7\" data-element_type=\"widget\" data-widget_type=\"heading.default\">\n\t\t\t\t<div class=\"elementor-widget-container\">\n\t\t\t<h2 class=\"elementor-heading-title elementor-size-default\">Zapewnimy <strong>darmowe posi\u0142ki<\/strong>w przedszkolu i szkole<\/h2>\t\t<\/div>\n\t\t\t\t<\/div>\n\t\t\t\t\t<\/div>\n\t\t\t\t<\/div>\n\t\t<div class=\"elementor-element elementor-element-4d5ade4 aherslur-griditem2 e-flex e-con-boxed e-con e-parent\" data-id=\"4d5ade4\" data-element_type=\"container\" data-settings=\"{&quot;background_background&quot;:&quot;classic&quot;}\">\n\t\t\t\t\t<div class=\"e-con-inner\">\n\t\t\t\t<div class=\"elementor-element elementor-element-d498c43 elementor-widget elementor-widget-heading\" data-id=\"d498c43\" data-element_type=\"widget\" data-widget_type=\"heading.default\">\n\t\t\t\t<div class=\"elementor-widget-container\">\n\t\t\t<h2 class=\"elementor-heading-title elementor-size-default\">Podniesiemy jako\u015b\u0107 \u017cycia poprzez wype\u0142nienie luki mi\u0119dzy <strong>urlopem macierzy\u0144skim<\/strong> a przedszkolem<\/h2>\t\t<\/div>\n\t\t\t\t<\/div>\n\t\t\t\t\t<\/div>\n\t\t\t\t<\/div>\n\t\t<div class=\"elementor-element elementor-element-33d1be3 aherslur-griditem2 e-flex e-con-boxed e-con e-parent\" data-id=\"33d1be3\" data-element_type=\"container\" data-settings=\"{&quot;background_background&quot;:&quot;classic&quot;}\">\n\t\t\t\t\t<div class=\"e-con-inner\">\n\t\t\t\t<div class=\"elementor-element elementor-element-58539af elementor-widget elementor-widget-heading\" data-id=\"58539af\" data-element_type=\"widget\" data-widget_type=\"heading.default\">\n\t\t\t\t<div class=\"elementor-widget-container\">\n\t\t\t<h2 class=\"elementor-heading-title elementor-size-default\">Zapewnimy <strong>r\u00f3wnouprawnienie<\/strong> i b\u0119dziemy wspiera\u0107 grupy spo\u0142eczne znajduj\u0105ce si\u0119 w trudnej sytuacj<\/h2>\t\t<\/div>\n\t\t\t\t<\/div>\n\t\t\t\t\t<\/div>\n\t\t\t\t<\/div>\n\t\t<div class=\"elementor-element elementor-element-27999f2 aherslur-griditem2 e-flex e-con-boxed e-con e-parent\" data-id=\"27999f2\" data-element_type=\"container\" data-settings=\"{&quot;background_background&quot;:&quot;classic&quot;}\">\n\t\t\t\t\t<div class=\"e-con-inner\">\n\t\t\t\t<div class=\"elementor-element elementor-element-065f4b3 elementor-widget elementor-widget-heading\" data-id=\"065f4b3\" data-element_type=\"widget\" data-widget_type=\"heading.default\">\n\t\t\t\t<div class=\"elementor-widget-container\">\n\t\t\t<h2 class=\"elementor-heading-title elementor-size-default\">Wszystkie szko\u0142y powinny wspiera\u0107 r\u00f3\u017cnorodno\u015b\u0107, bo <strong>ka\u017cdy z nas jest inny<\/strong><\/h2>\t\t<\/div>\n\t\t\t\t<\/div>\n\t\t\t\t\t<\/div>\n\t\t\t\t<\/div>\n\t\t<div class=\"elementor-element elementor-element-8690362 aherslur-griditem2 e-flex e-con-boxed e-con e-parent\" data-id=\"8690362\" data-element_type=\"container\" data-settings=\"{&quot;background_background&quot;:&quot;classic&quot;}\">\n\t\t\t\t\t<div class=\"e-con-inner\">\n\t\t\t\t<div class=\"elementor-element elementor-element-2f3e895 elementor-widget elementor-widget-heading\" data-id=\"2f3e895\" data-element_type=\"widget\" data-widget_type=\"heading.default\">\n\t\t\t\t<div class=\"elementor-widget-container\">\n\t\t\t<h2 class=\"elementor-heading-title elementor-size-default\">Wzmocnimy <strong>profilaktyk\u0119 spo\u0142eczn\u0105<\/strong> poprzez edukacj\u0119 seksualn\u0105, r\u00f3wno\u015bciow\u0105 i dotycz\u0105ca cyfryzacji spo\u0142ecze\u0144stwa<\/h2>\t\t<\/div>\n\t\t\t\t<\/div>\n\t\t\t\t\t<\/div>\n\t\t\t\t<\/div>\n\t\t<div class=\"elementor-element elementor-element-8f9fcaa aherslur-griditem2 e-flex e-con-boxed e-con e-parent\" data-id=\"8f9fcaa\" data-element_type=\"container\" data-settings=\"{&quot;background_background&quot;:&quot;classic&quot;}\">\n\t\t\t\t\t<div class=\"e-con-inner\">\n\t\t\t\t<div class=\"elementor-element elementor-element-b43080d elementor-widget elementor-widget-heading\" data-id=\"b43080d\" data-element_type=\"widget\" data-widget_type=\"heading.default\">\n\t\t\t\t<div class=\"elementor-widget-container\">\n\t\t\t<h2 class=\"elementor-heading-title elementor-size-default\">Wzmocnijmy <strong>nauczanie j\u0119zyka islandzkiego<\/strong> i poprawimy umiej\u0119tno\u015bci czytania w\u015br\u00f3d dzieci<\/h2>\t\t<\/div>\n\t\t\t\t<\/div>\n\t\t\t\t\t<\/div>\n\t\t\t\t<\/div>\n\t\t<div class=\"elementor-element elementor-element-5f68335 aherslur-griditem2 e-flex e-con-boxed e-con e-parent\" data-id=\"5f68335\" data-element_type=\"container\" data-settings=\"{&quot;background_background&quot;:&quot;classic&quot;}\">\n\t\t\t\t\t<div class=\"e-con-inner\">\n\t\t\t\t<div class=\"elementor-element elementor-element-76183c1 elementor-widget elementor-widget-heading\" data-id=\"76183c1\" data-element_type=\"widget\" data-widget_type=\"heading.default\">\n\t\t\t\t<div class=\"elementor-widget-container\">\n\t\t\t<h2 class=\"elementor-heading-title elementor-size-default\"><strong>Poprawa \u015brodowiska<\/strong> pracy nauczycieli<\/h2>\t\t<\/div>\n\t\t\t\t<\/div>\n\t\t\t\t\t<\/div>\n\t\t\t\t<\/div>\n\t\t\t\t<\/div>\n\t\t\t\t\t<\/div>\n\t\t<\/div>\n\t\t\t\t\t<\/div>\n\t\t<\/section>\n\t\t\t\t<\/div>\n\t\t","protected":false},"excerpt":{"rendered":"<p>Zapewnimy darmowe posi\u0142kiw przedszkolu i szkole Podniesiemy jako\u015b\u0107 \u017cycia poprzez wype\u0142nienie luki mi\u0119dzy urlopem macierzy\u0144skim a przedszkolem Zapewnimy r\u00f3wnouprawnienie i b\u0119dziemy wspiera\u0107 grupy spo\u0142eczne znajduj\u0105ce si\u0119 w trudnej sytuacj Wszystkie szko\u0142y powinny wspiera\u0107 r\u00f3\u017cnorodno\u015b\u0107, bo ka\u017cdy z nas jest inny Wzmocnimy profilaktyk\u0119 spo\u0142eczn\u0105 poprzez edukacj\u0119 seksualn\u0105, r\u00f3wno\u015bciow\u0105 i dotycz\u0105ca cyfryzacji spo\u0142ecze\u0144stwa Wzmocnijmy nauczanie j\u0119zyka islandzkiego [&hellip;]<\/p>\n","protected":false},"author":1,"featured_media":1275,"parent":1996,"menu_order":0,"comment_status":"closed","ping_status":"closed","template":"","meta":{"footnotes":""},"malefni":[],"class_list":["post-2087","page","type-page","status-publish","has-post-thumbnail","hentry"],"_links":{"self":[{"href":"https:\/\/x22.vg.is\/pl\/wp-json\/wp\/v2\/pages\/2087","targetHints":{"allow":["GET"]}}],"collection":[{"href":"https:\/\/x22.vg.is\/pl\/wp-json\/wp\/v2\/pages"}],"about":[{"href":"https:\/\/x22.vg.is\/pl\/wp-json\/wp\/v2\/types\/page"}],"author":[{"embeddable":true,"href":"https:\/\/x22.vg.is\/pl\/wp-json\/wp\/v2\/users\/1"}],"replies":[{"embeddable":true,"href":"https:\/\/x22.vg.is\/pl\/wp-json\/wp\/v2\/comments?post=2087"}],"version-history":[{"count":6,"href":"https:\/\/x22.vg.is\/pl\/wp-json\/wp\/v2\/pages\/2087\/revisions"}],"predecessor-version":[{"id":2093,"href":"https:\/\/x22.vg.is\/pl\/wp-json\/wp\/v2\/pages\/2087\/revisions\/2093"}],"up":[{"embeddable":true,"href":"https:\/\/x22.vg.is\/pl\/wp-json\/wp\/v2\/pages\/1996"}],"wp:featuredmedia":[{"embeddable":true,"href":"https:\/\/x22.vg.is\/pl\/wp-json\/wp\/v2\/media\/1275"}],"wp:attachment":[{"href":"https:\/\/x22.vg.is\/pl\/wp-json\/wp\/v2\/media?parent=2087"}],"wp:term":[{"taxonomy":"malefni","embeddable":true,"href":"https:\/\/x22.vg.is\/pl\/wp-json\/wp\/v2\/malefni?post=2087"}],"curies":[{"name":"wp","href":"https:\/\/api.w.org\/{rel}","templated":true}]}}