{"id":2077,"date":"2022-04-07T11:31:39","date_gmt":"2022-04-07T11:31:39","guid":{"rendered":"https:\/\/x22.vg.is\/podkreslenia-wyborcze\/srodowisko-naturalne\/"},"modified":"2022-05-04T09:57:30","modified_gmt":"2022-05-04T09:57:30","slug":"srodowisko-naturalne","status":"publish","type":"page","link":"https:\/\/x22.vg.is\/pl\/podkreslenia-wyborcze\/srodowisko-naturalne\/","title":{"rendered":"\u015arodowisko naturalne"},"content":{"rendered":"\t\t<div data-elementor-type=\"wp-page\" data-elementor-id=\"2077\" class=\"elementor elementor-2077\" data-elementor-post-type=\"page\">\n\t\t\t\t\t\t<section class=\"elementor-section elementor-top-section elementor-element elementor-element-735a16c elementor-section-full_width elementor-section-height-default elementor-section-height-default\" data-id=\"735a16c\" data-element_type=\"section\">\n\t\t\t\t\t\t<div class=\"elementor-container elementor-column-gap-no\">\n\t\t\t\t\t<div class=\"elementor-column elementor-col-100 elementor-top-column elementor-element elementor-element-55b153d\" data-id=\"55b153d\" data-element_type=\"column\">\n\t\t\t<div class=\"elementor-widget-wrap elementor-element-populated\">\n\t\t\t\t<div class=\"elementor-element elementor-element-05d20b4 e-con-full e-flex e-con e-parent\" data-id=\"05d20b4\" data-element_type=\"container\" id=\"aherslugrid\">\n\t\t<div class=\"elementor-element elementor-element-d818ec7 aherslur-griditem2 e-flex e-con-boxed e-con e-parent\" data-id=\"d818ec7\" data-element_type=\"container\" data-settings=\"{&quot;background_background&quot;:&quot;classic&quot;}\">\n\t\t\t\t\t<div class=\"e-con-inner\">\n\t\t\t\t<div class=\"elementor-element elementor-element-7329c0c elementor-widget elementor-widget-heading\" data-id=\"7329c0c\" data-element_type=\"widget\" data-widget_type=\"heading.default\">\n\t\t\t\t<div class=\"elementor-widget-container\">\n\t\t\t<h2 class=\"elementor-heading-title elementor-size-default\">Zapewnimy sprawiedliwe wprowadzanie <strong>neutralno\u015bci w\u0119glowej<\/strong><\/h2>\t\t<\/div>\n\t\t\t\t<\/div>\n\t\t\t\t\t<\/div>\n\t\t\t\t<\/div>\n\t\t<div class=\"elementor-element elementor-element-53acb57 aherslur-griditem2 e-flex e-con-boxed e-con e-parent\" data-id=\"53acb57\" data-element_type=\"container\" data-settings=\"{&quot;background_background&quot;:&quot;classic&quot;}\">\n\t\t\t\t\t<div class=\"e-con-inner\">\n\t\t\t\t<div class=\"elementor-element elementor-element-9f09926 elementor-widget elementor-widget-heading\" data-id=\"9f09926\" data-element_type=\"widget\" data-widget_type=\"heading.default\">\n\t\t\t\t<div class=\"elementor-widget-container\">\n\t\t\t<h2 class=\"elementor-heading-title elementor-size-default\">Gminy stworz\u0105 polityki <strong>u\u017cytkowania grunt\u00f3w<\/strong> uwzgl\u0119dniaj\u0105ce ochron\u0119 i przywracanie walor\u00f3w przyrodniczych<\/h2>\t\t<\/div>\n\t\t\t\t<\/div>\n\t\t\t\t\t<\/div>\n\t\t\t\t<\/div>\n\t\t<div class=\"elementor-element elementor-element-19fddfe aherslur-griditem2 e-flex e-con-boxed e-con e-parent\" data-id=\"19fddfe\" data-element_type=\"container\" data-settings=\"{&quot;background_background&quot;:&quot;classic&quot;}\">\n\t\t\t\t\t<div class=\"e-con-inner\">\n\t\t\t\t<div class=\"elementor-element elementor-element-987990b elementor-widget elementor-widget-heading\" data-id=\"987990b\" data-element_type=\"widget\" data-widget_type=\"heading.default\">\n\t\t\t\t<div class=\"elementor-widget-container\">\n\t\t\t<h2 class=\"elementor-heading-title elementor-size-default\">Popieramy <strong>projekty zwi\u0105zane<\/strong> z wi\u0105zaniem dwutlenku w\u0119gla oraz rekultywacj\u0119 teren\u00f3w podmok\u0142ych<\/h2>\t\t<\/div>\n\t\t\t\t<\/div>\n\t\t\t\t\t<\/div>\n\t\t\t\t<\/div>\n\t\t<div class=\"elementor-element elementor-element-e6accf8 aherslur-griditem2 e-flex e-con-boxed e-con e-parent\" data-id=\"e6accf8\" data-element_type=\"container\" data-settings=\"{&quot;background_background&quot;:&quot;classic&quot;}\">\n\t\t\t\t\t<div class=\"e-con-inner\">\n\t\t\t\t<div class=\"elementor-element elementor-element-a46bf34 elementor-widget elementor-widget-heading\" data-id=\"a46bf34\" data-element_type=\"widget\" data-widget_type=\"heading.default\">\n\t\t\t\t<div class=\"elementor-widget-container\">\n\t\t\t<h2 class=\"elementor-heading-title elementor-size-default\">Popieramy wytwarzanie <strong>energetyki wiatrowej<\/strong> maj\u0105ce na uwadze ochron\u0119 przyrody i \u015brodowiska<\/h2>\t\t<\/div>\n\t\t\t\t<\/div>\n\t\t\t\t\t<\/div>\n\t\t\t\t<\/div>\n\t\t<div class=\"elementor-element elementor-element-5a43a6c aherslur-griditem2 e-flex e-con-boxed e-con e-parent\" data-id=\"5a43a6c\" data-element_type=\"container\" data-settings=\"{&quot;background_background&quot;:&quot;classic&quot;}\">\n\t\t\t\t\t<div class=\"e-con-inner\">\n\t\t\t\t<div class=\"elementor-element elementor-element-5452848 elementor-widget elementor-widget-heading\" data-id=\"5452848\" data-element_type=\"widget\" data-widget_type=\"heading.default\">\n\t\t\t\t<div class=\"elementor-widget-container\">\n\t\t\t<h2 class=\"elementor-heading-title elementor-size-default\">Zapewnimy ochron\u0119 ekosystem\u00f3w, a <strong>zalesianie i rekultywacje grunt\u00f3w<\/strong> b\u0119d\u0105 prowadzone z <strong>poszanowaniem r\u00f3\u017cnorodno\u015bci biologicznej<\/strong><\/h2>\t\t<\/div>\n\t\t\t\t<\/div>\n\t\t\t\t\t<\/div>\n\t\t\t\t<\/div>\n\t\t<div class=\"elementor-element elementor-element-bcf0d7b aherslur-griditem2 e-flex e-con-boxed e-con e-parent\" data-id=\"bcf0d7b\" data-element_type=\"container\" data-settings=\"{&quot;background_background&quot;:&quot;classic&quot;}\">\n\t\t\t\t\t<div class=\"e-con-inner\">\n\t\t\t\t<div class=\"elementor-element elementor-element-1f22dae elementor-widget elementor-widget-heading\" data-id=\"1f22dae\" data-element_type=\"widget\" data-widget_type=\"heading.default\">\n\t\t\t\t<div class=\"elementor-widget-container\">\n\t\t\t<h2 class=\"elementor-heading-title elementor-size-default\">B\u0119dziemy zach\u0119ca\u0107 gminy do promowania zmiany \u017ar\u00f3de\u0142 pozyskiwania energii we <strong>wszystkich dziedzinach \u017cycia spo\u0142ecze\u0144stwa<\/strong><\/h2>\t\t<\/div>\n\t\t\t\t<\/div>\n\t\t\t\t\t<\/div>\n\t\t\t\t<\/div>\n\t\t<div class=\"elementor-element elementor-element-d1ee16a aherslur-griditem2 e-flex e-con-boxed e-con e-parent\" data-id=\"d1ee16a\" data-element_type=\"container\" data-settings=\"{&quot;background_background&quot;:&quot;classic&quot;}\">\n\t\t\t\t\t<div class=\"e-con-inner\">\n\t\t\t\t<div class=\"elementor-element elementor-element-2a90aa0 elementor-widget elementor-widget-heading\" data-id=\"2a90aa0\" data-element_type=\"widget\" data-widget_type=\"heading.default\">\n\t\t\t\t<div class=\"elementor-widget-container\">\n\t\t\t<h2 class=\"elementor-heading-title elementor-size-default\"><strong>Zapewnimy edukacj\u0119 w kwestiach \u015brodowiskowych<\/strong> i klimatycznych w przedszkolach i szko\u0142ach podstawowych<\/h2>\t\t<\/div>\n\t\t\t\t<\/div>\n\t\t\t\t\t<\/div>\n\t\t\t\t<\/div>\n\t\t<div class=\"elementor-element elementor-element-fd080e1 aherslur-griditem2 e-flex e-con-boxed e-con e-parent\" data-id=\"fd080e1\" data-element_type=\"container\" data-settings=\"{&quot;background_background&quot;:&quot;classic&quot;}\">\n\t\t\t\t\t<div class=\"e-con-inner\">\n\t\t\t\t<div class=\"elementor-element elementor-element-406b45f elementor-widget elementor-widget-heading\" data-id=\"406b45f\" data-element_type=\"widget\" data-widget_type=\"heading.default\">\n\t\t\t\t<div class=\"elementor-widget-container\">\n\t\t\t<h2 class=\"elementor-heading-title elementor-size-default\"><strong>Ograniczymy marnowanie \u017cywno\u015bci<\/strong> na szczeblu samorz\u0105dowym<\/h2>\t\t<\/div>\n\t\t\t\t<\/div>\n\t\t\t\t\t<\/div>\n\t\t\t\t<\/div>\n\t\t<div class=\"elementor-element elementor-element-a94d3d1 aherslur-griditem2 e-flex e-con-boxed e-con e-parent\" data-id=\"a94d3d1\" data-element_type=\"container\" data-settings=\"{&quot;background_background&quot;:&quot;classic&quot;}\">\n\t\t\t\t\t<div class=\"e-con-inner\">\n\t\t\t\t<div class=\"elementor-element elementor-element-5a14de8 elementor-widget elementor-widget-heading\" data-id=\"5a14de8\" data-element_type=\"widget\" data-widget_type=\"heading.default\">\n\t\t\t\t<div class=\"elementor-widget-container\">\n\t\t\t<h2 class=\"elementor-heading-title elementor-size-default\">Zwi\u0119kszymy poda\u017c \u017cywno\u015bci, kt\u00f3rej produkcja pozostawia <strong>niski \u015blad w\u0119glowy<\/strong><\/h2>\t\t<\/div>\n\t\t\t\t<\/div>\n\t\t\t\t\t<\/div>\n\t\t\t\t<\/div>\n\t\t<div class=\"elementor-element elementor-element-e93894a aherslur-griditem2 e-flex e-con-boxed e-con e-parent\" data-id=\"e93894a\" data-element_type=\"container\" data-settings=\"{&quot;background_background&quot;:&quot;classic&quot;}\">\n\t\t\t\t\t<div class=\"e-con-inner\">\n\t\t\t\t<div class=\"elementor-element elementor-element-c8d2440 elementor-widget elementor-widget-heading\" data-id=\"c8d2440\" data-element_type=\"widget\" data-widget_type=\"heading.default\">\n\t\t\t\t<div class=\"elementor-widget-container\">\n\t\t\t<h2 class=\"elementor-heading-title elementor-size-default\"><strong>B\u0119dziemy wspiera\u0107 wprowadzanie gospodarki<\/strong> o obiegu zamkni\u0119tym we wsp\u00f3lnych dzia\u0142aniach gmin w zakresie utylizacji odpad\u00f3w i tematu kanalizacji<\/h2>\t\t<\/div>\n\t\t\t\t<\/div>\n\t\t\t\t\t<\/div>\n\t\t\t\t<\/div>\n\t\t<div class=\"elementor-element elementor-element-4f2a588 aherslur-griditem2 e-flex e-con-boxed e-con e-parent\" data-id=\"4f2a588\" data-element_type=\"container\" data-settings=\"{&quot;background_background&quot;:&quot;classic&quot;}\">\n\t\t\t\t\t<div class=\"e-con-inner\">\n\t\t\t\t<div class=\"elementor-element elementor-element-208f701 elementor-widget elementor-widget-heading\" data-id=\"208f701\" data-element_type=\"widget\" data-widget_type=\"heading.default\">\n\t\t\t\t<div class=\"elementor-widget-container\">\n\t\t\t<h2 class=\"elementor-heading-title elementor-size-default\">Gminy b\u0119d\u0105 prowadzi\u0107 <strong>zielon\u0105 ksi\u0119gowo\u015b\u0107<\/strong>\u201e\u201d oraz b\u0119d\u0105 mia\u0142y na uwadze kwestie \u015brodowiskowe przy <strong>zakupie towar\u00f3w i us\u0142ug<\/strong><\/h2>\t\t<\/div>\n\t\t\t\t<\/div>\n\t\t\t\t\t<\/div>\n\t\t\t\t<\/div>\n\t\t<div class=\"elementor-element elementor-element-03c6450 aherslur-griditem2 e-flex e-con-boxed e-con e-parent\" data-id=\"03c6450\" data-element_type=\"container\" data-settings=\"{&quot;background_background&quot;:&quot;classic&quot;}\">\n\t\t\t\t\t<div class=\"e-con-inner\">\n\t\t\t\t<div class=\"elementor-element elementor-element-77049fe elementor-widget elementor-widget-heading\" data-id=\"77049fe\" data-element_type=\"widget\" data-widget_type=\"heading.default\">\n\t\t\t\t<div class=\"elementor-widget-container\">\n\t\t\t<h2 class=\"elementor-heading-title elementor-size-default\">Wzmocnimy <strong>ochron\u0119 przed katastrofami naturalnymi<\/strong>, m.in. poprzez rozbudow\u0119 umocnie\u0144 chroni\u0105cych przed powodziami, lawinami i osuwiskami.<\/h2>\t\t<\/div>\n\t\t\t\t<\/div>\n\t\t\t\t\t<\/div>\n\t\t\t\t<\/div>\n\t\t<div class=\"elementor-element elementor-element-8c0c7d1 aherslur-griditem2 e-flex e-con-boxed e-con e-parent\" data-id=\"8c0c7d1\" data-element_type=\"container\" data-settings=\"{&quot;background_background&quot;:&quot;classic&quot;}\">\n\t\t\t\t\t<div class=\"e-con-inner\">\n\t\t\t\t<div class=\"elementor-element elementor-element-0324d31 elementor-widget elementor-widget-heading\" data-id=\"0324d31\" data-element_type=\"widget\" data-widget_type=\"heading.default\">\n\t\t\t\t<div class=\"elementor-widget-container\">\n\t\t\t<h2 class=\"elementor-heading-title elementor-size-default\"><strong>Zwi\u0119kszymy znaczenie komitet\u00f3w<\/strong> ochrony przyrody i zapewniamy ich zaanga\u017cowanie w kwestiach planistycznych<\/h2>\t\t<\/div>\n\t\t\t\t<\/div>\n\t\t\t\t\t<\/div>\n\t\t\t\t<\/div>\n\t\t<div class=\"elementor-element elementor-element-9ce61b8 aherslur-griditem2 e-flex e-con-boxed e-con e-parent\" data-id=\"9ce61b8\" data-element_type=\"container\" data-settings=\"{&quot;background_background&quot;:&quot;classic&quot;}\">\n\t\t\t\t\t<div class=\"e-con-inner\">\n\t\t\t\t<div class=\"elementor-element elementor-element-12ebc9e elementor-widget elementor-widget-heading\" data-id=\"12ebc9e\" data-element_type=\"widget\" data-widget_type=\"heading.default\">\n\t\t\t\t<div class=\"elementor-widget-container\">\n\t\t\t<h2 class=\"elementor-heading-title elementor-size-default\">Wszystkie dzia\u0142ania zwi\u0105zane z planowanie powinny uwzgl\u0119dnia\u0107 kwestie ochrony \u015brodowiska, <strong>klimatu oraz zdrowia publicznego<\/strong><\/h2>\t\t<\/div>\n\t\t\t\t<\/div>\n\t\t\t\t\t<\/div>\n\t\t\t\t<\/div>\n\t\t\t\t<\/div>\n\t\t\t\t\t<\/div>\n\t\t<\/div>\n\t\t\t\t\t<\/div>\n\t\t<\/section>\n\t\t\t\t<\/div>\n\t\t","protected":false},"excerpt":{"rendered":"<p>Zapewnimy sprawiedliwe wprowadzanie neutralno\u015bci w\u0119glowej Gminy stworz\u0105 polityki u\u017cytkowania grunt\u00f3w uwzgl\u0119dniaj\u0105ce ochron\u0119 i przywracanie walor\u00f3w przyrodniczych Popieramy projekty zwi\u0105zane z wi\u0105zaniem dwutlenku w\u0119gla oraz rekultywacj\u0119 teren\u00f3w podmok\u0142ych Popieramy wytwarzanie energetyki wiatrowej maj\u0105ce na uwadze ochron\u0119 przyrody i \u015brodowiska Zapewnimy ochron\u0119 ekosystem\u00f3w, a zalesianie i rekultywacje grunt\u00f3w b\u0119d\u0105 prowadzone z poszanowaniem r\u00f3\u017cnorodno\u015bci biologicznej B\u0119dziemy zach\u0119ca\u0107 gminy [&hellip;]<\/p>\n","protected":false},"author":1,"featured_media":1277,"parent":1996,"menu_order":0,"comment_status":"closed","ping_status":"closed","template":"","meta":{"footnotes":""},"malefni":[],"class_list":["post-2077","page","type-page","status-publish","has-post-thumbnail","hentry"],"_links":{"self":[{"href":"https:\/\/x22.vg.is\/pl\/wp-json\/wp\/v2\/pages\/2077","targetHints":{"allow":["GET"]}}],"collection":[{"href":"https:\/\/x22.vg.is\/pl\/wp-json\/wp\/v2\/pages"}],"about":[{"href":"https:\/\/x22.vg.is\/pl\/wp-json\/wp\/v2\/types\/page"}],"author":[{"embeddable":true,"href":"https:\/\/x22.vg.is\/pl\/wp-json\/wp\/v2\/users\/1"}],"replies":[{"embeddable":true,"href":"https:\/\/x22.vg.is\/pl\/wp-json\/wp\/v2\/comments?post=2077"}],"version-history":[{"count":6,"href":"https:\/\/x22.vg.is\/pl\/wp-json\/wp\/v2\/pages\/2077\/revisions"}],"predecessor-version":[{"id":2083,"href":"https:\/\/x22.vg.is\/pl\/wp-json\/wp\/v2\/pages\/2077\/revisions\/2083"}],"up":[{"embeddable":true,"href":"https:\/\/x22.vg.is\/pl\/wp-json\/wp\/v2\/pages\/1996"}],"wp:featuredmedia":[{"embeddable":true,"href":"https:\/\/x22.vg.is\/pl\/wp-json\/wp\/v2\/media\/1277"}],"wp:attachment":[{"href":"https:\/\/x22.vg.is\/pl\/wp-json\/wp\/v2\/media?parent=2077"}],"wp:term":[{"taxonomy":"malefni","embeddable":true,"href":"https:\/\/x22.vg.is\/pl\/wp-json\/wp\/v2\/malefni?post=2077"}],"curies":[{"name":"wp","href":"https:\/\/api.w.org\/{rel}","templated":true}]}}