{"id":2072,"date":"2022-04-06T15:13:00","date_gmt":"2022-04-06T15:13:00","guid":{"rendered":"https:\/\/x22.vg.is\/podkreslenia-wyborcze\/kwestie-socjalne-i-opieka-spoleczna\/"},"modified":"2022-05-03T15:51:52","modified_gmt":"2022-05-03T15:51:52","slug":"kwestie-socjalne-i-opieka-spoleczna","status":"publish","type":"page","link":"https:\/\/x22.vg.is\/pl\/podkreslenia-wyborcze\/kwestie-socjalne-i-opieka-spoleczna\/","title":{"rendered":"Kwestie socjalne i opieka spo\u0142eczna"},"content":{"rendered":"\t\t<div data-elementor-type=\"wp-page\" data-elementor-id=\"2072\" class=\"elementor elementor-2072\" data-elementor-post-type=\"page\">\n\t\t\t\t\t\t<section class=\"elementor-section elementor-top-section elementor-element elementor-element-8080c24 elementor-section-full_width elementor-section-height-default elementor-section-height-default\" data-id=\"8080c24\" data-element_type=\"section\">\n\t\t\t\t\t\t<div class=\"elementor-container elementor-column-gap-no\">\n\t\t\t\t\t<div class=\"elementor-column elementor-col-100 elementor-top-column elementor-element elementor-element-10769ff\" data-id=\"10769ff\" data-element_type=\"column\">\n\t\t\t<div class=\"elementor-widget-wrap elementor-element-populated\">\n\t\t\t\t<div class=\"elementor-element elementor-element-9c94861 e-con-full e-flex e-con e-parent\" data-id=\"9c94861\" data-element_type=\"container\" id=\"aherslugrid\">\n\t\t<div class=\"elementor-element elementor-element-1e0709a aherslur-griditem e-flex e-con-boxed e-con e-parent\" data-id=\"1e0709a\" data-element_type=\"container\" data-settings=\"{&quot;background_background&quot;:&quot;classic&quot;}\">\n\t\t\t\t\t<div class=\"e-con-inner\">\n\t\t\t\t<div class=\"elementor-element elementor-element-f4032d9 elementor-widget elementor-widget-heading\" data-id=\"f4032d9\" data-element_type=\"widget\" data-widget_type=\"heading.default\">\n\t\t\t\t<div class=\"elementor-widget-container\">\n\t\t\t<h2 class=\"elementor-heading-title elementor-size-default\"><strong>Wzmocnimy<\/strong> us\u0142ugi domowej opieki dla os\u00f3b starszych poprzez wi\u0119ksz\u0105 integracj\u0119 dost\u0119pnych us\u0142ug<\/h2>\t\t<\/div>\n\t\t\t\t<\/div>\n\t\t\t\t\t<\/div>\n\t\t\t\t<\/div>\n\t\t<div class=\"elementor-element elementor-element-8487b8f aherslur-griditem e-flex e-con-boxed e-con e-parent\" data-id=\"8487b8f\" data-element_type=\"container\" data-settings=\"{&quot;background_background&quot;:&quot;classic&quot;}\">\n\t\t\t\t\t<div class=\"e-con-inner\">\n\t\t\t\t<div class=\"elementor-element elementor-element-b8fb079 elementor-widget elementor-widget-heading\" data-id=\"b8fb079\" data-element_type=\"widget\" data-widget_type=\"heading.default\">\n\t\t\t\t<div class=\"elementor-widget-container\">\n\t\t\t<h2 class=\"elementor-heading-title elementor-size-default\">Zwi\u0119kszymy <strong>dofinansowanie zaj\u0119\u0107 rekreacyjnych<\/strong> dla dzieci z gospodarstw o niskich dochodach<\/h2>\t\t<\/div>\n\t\t\t\t<\/div>\n\t\t\t\t\t<\/div>\n\t\t\t\t<\/div>\n\t\t<div class=\"elementor-element elementor-element-0466082 aherslur-griditem e-flex e-con-boxed e-con e-parent\" data-id=\"0466082\" data-element_type=\"container\" data-settings=\"{&quot;background_background&quot;:&quot;classic&quot;}\">\n\t\t\t\t\t<div class=\"e-con-inner\">\n\t\t\t\t<div class=\"elementor-element elementor-element-41e5f60 elementor-widget elementor-widget-heading\" data-id=\"41e5f60\" data-element_type=\"widget\" data-widget_type=\"heading.default\">\n\t\t\t\t<div class=\"elementor-widget-container\">\n\t\t\t<h2 class=\"elementor-heading-title elementor-size-default\">Poprawimy proces <strong>przyjmowania imigrant\u00f3w<\/strong><\/h2>\t\t<\/div>\n\t\t\t\t<\/div>\n\t\t\t\t\t<\/div>\n\t\t\t\t<\/div>\n\t\t<div class=\"elementor-element elementor-element-27509a5 aherslur-griditem e-flex e-con-boxed e-con e-parent\" data-id=\"27509a5\" data-element_type=\"container\" data-settings=\"{&quot;background_background&quot;:&quot;classic&quot;}\">\n\t\t\t\t\t<div class=\"e-con-inner\">\n\t\t\t\t<div class=\"elementor-element elementor-element-f496d72 elementor-widget elementor-widget-heading\" data-id=\"f496d72\" data-element_type=\"widget\" data-widget_type=\"heading.default\">\n\t\t\t\t<div class=\"elementor-widget-container\">\n\t\t\t<h2 class=\"elementor-heading-title elementor-size-default\">Zamierzamy finansowa\u0107 procedury <strong>reagowania w sytuacjach przemocy<\/strong> ze wzgl\u0119du na p\u0142e\u0107 we wszystkich gminach<\/h2>\t\t<\/div>\n\t\t\t\t<\/div>\n\t\t\t\t\t<\/div>\n\t\t\t\t<\/div>\n\t\t<div class=\"elementor-element elementor-element-3f61e71 aherslur-griditem e-flex e-con-boxed e-con e-parent\" data-id=\"3f61e71\" data-element_type=\"container\" data-settings=\"{&quot;background_background&quot;:&quot;classic&quot;}\">\n\t\t\t\t\t<div class=\"e-con-inner\">\n\t\t\t\t<div class=\"elementor-element elementor-element-c168a09 elementor-widget elementor-widget-heading\" data-id=\"c168a09\" data-element_type=\"widget\" data-widget_type=\"heading.default\">\n\t\t\t\t<div class=\"elementor-widget-container\">\n\t\t\t<h2 class=\"elementor-heading-title elementor-size-default\">Ujednolicimy na godnym poziomie <strong>wysoko\u015b\u0107 pomocy finansowej udzielanej<\/strong>przez gminy<\/h2>\t\t<\/div>\n\t\t\t\t<\/div>\n\t\t\t\t\t<\/div>\n\t\t\t\t<\/div>\n\t\t<div class=\"elementor-element elementor-element-2780ddc aherslur-griditem e-flex e-con-boxed e-con e-parent\" data-id=\"2780ddc\" data-element_type=\"container\" data-settings=\"{&quot;background_background&quot;:&quot;classic&quot;}\">\n\t\t\t\t\t<div class=\"e-con-inner\">\n\t\t\t\t<div class=\"elementor-element elementor-element-8bccb0b elementor-widget elementor-widget-heading\" data-id=\"8bccb0b\" data-element_type=\"widget\" data-widget_type=\"heading.default\">\n\t\t\t\t<div class=\"elementor-widget-container\">\n\t\t\t<h2 class=\"elementor-heading-title elementor-size-default\">Zwi\u0119kszymy liczb\u0119 dzia\u0142a\u0144 maj\u0105cych na celu <strong>promocj\u0119 zdrowia<\/strong> oraz walk\u0119 z ich samotno\u015bci\u0105<\/h2>\t\t<\/div>\n\t\t\t\t<\/div>\n\t\t\t\t\t<\/div>\n\t\t\t\t<\/div>\n\t\t<div class=\"elementor-element elementor-element-fe824d3 aherslur-griditem e-flex e-con-boxed e-con e-parent\" data-id=\"fe824d3\" data-element_type=\"container\" data-settings=\"{&quot;background_background&quot;:&quot;classic&quot;}\">\n\t\t\t\t\t<div class=\"e-con-inner\">\n\t\t\t\t<div class=\"elementor-element elementor-element-df84a21 elementor-widget elementor-widget-heading\" data-id=\"df84a21\" data-element_type=\"widget\" data-widget_type=\"heading.default\">\n\t\t\t\t<div class=\"elementor-widget-container\">\n\t\t\t<h2 class=\"elementor-heading-title elementor-size-default\"><strong>Sprzeciwiamy<\/strong> si\u0119 komercjalizacji us\u0142ug socjalnych i opieki spo\u0142eczne<\/h2>\t\t<\/div>\n\t\t\t\t<\/div>\n\t\t\t\t\t<\/div>\n\t\t\t\t<\/div>\n\t\t<div class=\"elementor-element elementor-element-18a66ab aherslur-griditem e-flex e-con-boxed e-con e-parent\" data-id=\"18a66ab\" data-element_type=\"container\" data-settings=\"{&quot;background_background&quot;:&quot;classic&quot;}\">\n\t\t\t\t\t<div class=\"e-con-inner\">\n\t\t\t\t<div class=\"elementor-element elementor-element-fd1e068 elementor-widget elementor-widget-heading\" data-id=\"fd1e068\" data-element_type=\"widget\" data-widget_type=\"heading.default\">\n\t\t\t\t<div class=\"elementor-widget-container\">\n\t\t\t<h2 class=\"elementor-heading-title elementor-size-default\"><strong>Skr\u00f3cimy<\/strong> tydzie\u0144 pracy<\/h2>\t\t<\/div>\n\t\t\t\t<\/div>\n\t\t\t\t\t<\/div>\n\t\t\t\t<\/div>\n\t\t<div class=\"elementor-element elementor-element-86d34e8 aherslur-griditem e-flex e-con-boxed e-con e-parent\" data-id=\"86d34e8\" data-element_type=\"container\" data-settings=\"{&quot;background_background&quot;:&quot;classic&quot;}\">\n\t\t\t\t\t<div class=\"e-con-inner\">\n\t\t\t\t<div class=\"elementor-element elementor-element-a3840d4 elementor-widget elementor-widget-heading\" data-id=\"a3840d4\" data-element_type=\"widget\" data-widget_type=\"heading.default\">\n\t\t\t\t<div class=\"elementor-widget-container\">\n\t\t\t<h2 class=\"elementor-heading-title elementor-size-default\">Zapewnimy osobomniepe\u0142nosprawnym <strong>mo\u017cliwo\u015b\u0107 uczestniczenia<\/strong> w \u017cyciu spo\u0142ecznym<\/h2>\t\t<\/div>\n\t\t\t\t<\/div>\n\t\t\t\t\t<\/div>\n\t\t\t\t<\/div>\n\t\t<div class=\"elementor-element elementor-element-7df005f aherslur-griditem e-flex e-con-boxed e-con e-parent\" data-id=\"7df005f\" data-element_type=\"container\" data-settings=\"{&quot;background_background&quot;:&quot;classic&quot;}\">\n\t\t\t\t\t<div class=\"e-con-inner\">\n\t\t\t\t<div class=\"elementor-element elementor-element-2d582fb elementor-widget elementor-widget-heading\" data-id=\"2d582fb\" data-element_type=\"widget\" data-widget_type=\"heading.default\">\n\t\t\t\t<div class=\"elementor-widget-container\">\n\t\t\t<h2 class=\"elementor-heading-title elementor-size-default\">Zapewnimy <strong>bezp\u0142atn\u0105 nauk\u0119 j\u0119zyka islandzkiego<\/strong> w godzinach pracy dla pracownik\u00f3w gmin obcego pochodzenia<\/h2>\t\t<\/div>\n\t\t\t\t<\/div>\n\t\t\t\t\t<\/div>\n\t\t\t\t<\/div>\n\t\t<div class=\"elementor-element elementor-element-f82a500 aherslur-griditem e-flex e-con-boxed e-con e-parent\" data-id=\"f82a500\" data-element_type=\"container\" data-settings=\"{&quot;background_background&quot;:&quot;classic&quot;}\">\n\t\t\t\t\t<div class=\"e-con-inner\">\n\t\t\t\t<div class=\"elementor-element elementor-element-4639b57 elementor-widget elementor-widget-heading\" data-id=\"4639b57\" data-element_type=\"widget\" data-widget_type=\"heading.default\">\n\t\t\t\t<div class=\"elementor-widget-container\">\n\t\t\t<h2 class=\"elementor-heading-title elementor-size-default\">Zapewnimy <strong>wsparcie socjalne dla ofiar przemocy<\/strong><\/h2>\t\t<\/div>\n\t\t\t\t<\/div>\n\t\t\t\t\t<\/div>\n\t\t\t\t<\/div>\n\t\t<div class=\"elementor-element elementor-element-25fb028 aherslur-griditem e-flex e-con-boxed e-con e-parent\" data-id=\"25fb028\" data-element_type=\"container\" data-settings=\"{&quot;background_background&quot;:&quot;classic&quot;}\">\n\t\t\t\t\t<div class=\"e-con-inner\">\n\t\t\t\t<div class=\"elementor-element elementor-element-07f1187 elementor-widget elementor-widget-heading\" data-id=\"07f1187\" data-element_type=\"widget\" data-widget_type=\"heading.default\">\n\t\t\t\t<div class=\"elementor-widget-container\">\n\t\t\t<h2 class=\"elementor-heading-title elementor-size-default\">Przy <strong>zakupach towar\u00f3w<\/strong> i us\u0142ug VG zamierza zagwarantowa\u0107 stosowanie \u0142a\u0144cuch\u00f3w zobowi\u0105za\u0144<\/h2>\t\t<\/div>\n\t\t\t\t<\/div>\n\t\t\t\t\t<\/div>\n\t\t\t\t<\/div>\n\t\t<div class=\"elementor-element elementor-element-85daf09 aherslur-griditem e-flex e-con-boxed e-con e-parent\" data-id=\"85daf09\" data-element_type=\"container\" data-settings=\"{&quot;background_background&quot;:&quot;classic&quot;}\">\n\t\t\t\t\t<div class=\"e-con-inner\">\n\t\t\t\t<div class=\"elementor-element elementor-element-4ccfb62 elementor-widget elementor-widget-heading\" data-id=\"4ccfb62\" data-element_type=\"widget\" data-widget_type=\"heading.default\">\n\t\t\t\t<div class=\"elementor-widget-container\">\n\t\t\t<h2 class=\"elementor-heading-title elementor-size-default\">Zapewnimy i<strong>ntegracj\u0119 r\u00f3\u017cnych system\u00f3w pomocy socjalnej<\/strong>i opieki spo\u0142ecznej<\/h2>\t\t<\/div>\n\t\t\t\t<\/div>\n\t\t\t\t\t<\/div>\n\t\t\t\t<\/div>\n\t\t\t\t<\/div>\n\t\t\t\t\t<\/div>\n\t\t<\/div>\n\t\t\t\t\t<\/div>\n\t\t<\/section>\n\t\t\t\t<\/div>\n\t\t","protected":false},"excerpt":{"rendered":"<p>Wzmocnimy us\u0142ugi domowej opieki dla os\u00f3b starszych poprzez wi\u0119ksz\u0105 integracj\u0119 dost\u0119pnych us\u0142ug Zwi\u0119kszymy dofinansowanie zaj\u0119\u0107 rekreacyjnych dla dzieci z gospodarstw o niskich dochodach Poprawimy proces przyjmowania imigrant\u00f3w Zamierzamy finansowa\u0107 procedury reagowania w sytuacjach przemocy ze wzgl\u0119du na p\u0142e\u0107 we wszystkich gminach Ujednolicimy na godnym poziomie wysoko\u015b\u0107 pomocy finansowej udzielanejprzez gminy Zwi\u0119kszymy liczb\u0119 dzia\u0142a\u0144 maj\u0105cych na [&hellip;]<\/p>\n","protected":false},"author":1,"featured_media":1267,"parent":1996,"menu_order":0,"comment_status":"closed","ping_status":"closed","template":"","meta":{"footnotes":""},"malefni":[],"class_list":["post-2072","page","type-page","status-publish","has-post-thumbnail","hentry"],"_links":{"self":[{"href":"https:\/\/x22.vg.is\/pl\/wp-json\/wp\/v2\/pages\/2072","targetHints":{"allow":["GET"]}}],"collection":[{"href":"https:\/\/x22.vg.is\/pl\/wp-json\/wp\/v2\/pages"}],"about":[{"href":"https:\/\/x22.vg.is\/pl\/wp-json\/wp\/v2\/types\/page"}],"author":[{"embeddable":true,"href":"https:\/\/x22.vg.is\/pl\/wp-json\/wp\/v2\/users\/1"}],"replies":[{"embeddable":true,"href":"https:\/\/x22.vg.is\/pl\/wp-json\/wp\/v2\/comments?post=2072"}],"version-history":[{"count":4,"href":"https:\/\/x22.vg.is\/pl\/wp-json\/wp\/v2\/pages\/2072\/revisions"}],"predecessor-version":[{"id":2076,"href":"https:\/\/x22.vg.is\/pl\/wp-json\/wp\/v2\/pages\/2072\/revisions\/2076"}],"up":[{"embeddable":true,"href":"https:\/\/x22.vg.is\/pl\/wp-json\/wp\/v2\/pages\/1996"}],"wp:featuredmedia":[{"embeddable":true,"href":"https:\/\/x22.vg.is\/pl\/wp-json\/wp\/v2\/media\/1267"}],"wp:attachment":[{"href":"https:\/\/x22.vg.is\/pl\/wp-json\/wp\/v2\/media?parent=2072"}],"wp:term":[{"taxonomy":"malefni","embeddable":true,"href":"https:\/\/x22.vg.is\/pl\/wp-json\/wp\/v2\/malefni?post=2072"}],"curies":[{"name":"wp","href":"https:\/\/api.w.org\/{rel}","templated":true}]}}