{"id":2063,"date":"2022-04-06T10:31:22","date_gmt":"2022-04-06T10:31:22","guid":{"rendered":"https:\/\/x22.vg.is\/podkreslenia-wyborcze\/konsultacje-spoleczne\/"},"modified":"2022-05-03T15:37:34","modified_gmt":"2022-05-03T15:37:34","slug":"konsultacje-spoleczne","status":"publish","type":"page","link":"https:\/\/x22.vg.is\/pl\/podkreslenia-wyborcze\/konsultacje-spoleczne\/","title":{"rendered":"Konsultacje spo\u0142eczne"},"content":{"rendered":"\t\t<div data-elementor-type=\"wp-page\" data-elementor-id=\"2063\" class=\"elementor elementor-2063\" data-elementor-post-type=\"page\">\n\t\t\t\t\t\t<section class=\"elementor-section elementor-top-section elementor-element elementor-element-e1932e4 elementor-section-full_width elementor-section-height-default elementor-section-height-default\" data-id=\"e1932e4\" data-element_type=\"section\">\n\t\t\t\t\t\t<div class=\"elementor-container elementor-column-gap-no\">\n\t\t\t\t\t<div class=\"elementor-column elementor-col-100 elementor-top-column elementor-element elementor-element-b12d137\" data-id=\"b12d137\" data-element_type=\"column\">\n\t\t\t<div class=\"elementor-widget-wrap elementor-element-populated\">\n\t\t\t\t<div class=\"elementor-element elementor-element-cf93318 e-con-full e-flex e-con e-parent\" data-id=\"cf93318\" data-element_type=\"container\" id=\"aherslugrid\">\n\t\t<div class=\"elementor-element elementor-element-b8fdd7c aherslur-griditem e-flex e-con-boxed e-con e-parent\" data-id=\"b8fdd7c\" data-element_type=\"container\" data-settings=\"{&quot;background_background&quot;:&quot;classic&quot;}\">\n\t\t\t\t\t<div class=\"e-con-inner\">\n\t\t\t\t<div class=\"elementor-element elementor-element-2aac9ad elementor-widget elementor-widget-heading\" data-id=\"2aac9ad\" data-element_type=\"widget\" data-widget_type=\"heading.default\">\n\t\t\t\t<div class=\"elementor-widget-container\">\n\t\t\t<h2 class=\"elementor-heading-title elementor-size-default\">B\u0119dziemy dostarcza\u0107 spo\u0142ecze\u0144stwu rzetelnych informacji i zwi\u0119kszymy pewno\u015b\u0107 obywateli, \u017ce decyzje podejmowane s\u0105 w oparciu o <strong>interes spo\u0142eczny<\/strong><\/h2>\t\t<\/div>\n\t\t\t\t<\/div>\n\t\t\t\t\t<\/div>\n\t\t\t\t<\/div>\n\t\t<div class=\"elementor-element elementor-element-bddecb3 aherslur-griditem e-flex e-con-boxed e-con e-parent\" data-id=\"bddecb3\" data-element_type=\"container\" data-settings=\"{&quot;background_background&quot;:&quot;classic&quot;}\">\n\t\t\t\t\t<div class=\"e-con-inner\">\n\t\t\t\t<div class=\"elementor-element elementor-element-0a5eaf2 elementor-widget elementor-widget-heading\" data-id=\"0a5eaf2\" data-element_type=\"widget\" data-widget_type=\"heading.default\">\n\t\t\t\t<div class=\"elementor-widget-container\">\n\t\t\t<h2 class=\"elementor-heading-title elementor-size-default\"><strong>U\u0142atwimy obywatelom zg\u0142aszanie spraw<\/strong>, kt\u00f3re maj\u0105 zosta\u0107 poddane konsultacjom spo\u0142ecznym<\/h2>\t\t<\/div>\n\t\t\t\t<\/div>\n\t\t\t\t\t<\/div>\n\t\t\t\t<\/div>\n\t\t<div class=\"elementor-element elementor-element-416840a aherslur-griditem e-flex e-con-boxed e-con e-parent\" data-id=\"416840a\" data-element_type=\"container\" data-settings=\"{&quot;background_background&quot;:&quot;classic&quot;}\">\n\t\t\t\t\t<div class=\"e-con-inner\">\n\t\t\t\t<div class=\"elementor-element elementor-element-63f957c elementor-widget elementor-widget-heading\" data-id=\"63f957c\" data-element_type=\"widget\" data-widget_type=\"heading.default\">\n\t\t\t\t<div class=\"elementor-widget-container\">\n\t\t\t<h2 class=\"elementor-heading-title elementor-size-default\"><strong>Zapewnimy<\/strong> dzia\u0142alno\u015b\u0107 rad m\u0142odzie\u017cowych<\/h2>\t\t<\/div>\n\t\t\t\t<\/div>\n\t\t\t\t\t<\/div>\n\t\t\t\t<\/div>\n\t\t<div class=\"elementor-element elementor-element-0feb2e4 aherslur-griditem e-flex e-con-boxed e-con e-parent\" data-id=\"0feb2e4\" data-element_type=\"container\" data-settings=\"{&quot;background_background&quot;:&quot;classic&quot;}\">\n\t\t\t\t\t<div class=\"e-con-inner\">\n\t\t\t\t<div class=\"elementor-element elementor-element-b0113a2 elementor-widget elementor-widget-heading\" data-id=\"b0113a2\" data-element_type=\"widget\" data-widget_type=\"heading.default\">\n\t\t\t\t<div class=\"elementor-widget-container\">\n\t\t\t<h2 class=\"elementor-heading-title elementor-size-default\"><strong>Zwi\u0119kszymy liczb\u0119 konsultacji<\/strong> spo\u0142ecznych z osobami korzystaj\u0105cymi z pomocy opieki spo\u0142ecznej.<\/h2>\t\t<\/div>\n\t\t\t\t<\/div>\n\t\t\t\t\t<\/div>\n\t\t\t\t<\/div>\n\t\t<div class=\"elementor-element elementor-element-47b87ba aherslur-griditem e-flex e-con-boxed e-con e-parent\" data-id=\"47b87ba\" data-element_type=\"container\" data-settings=\"{&quot;background_background&quot;:&quot;classic&quot;}\">\n\t\t\t\t\t<div class=\"e-con-inner\">\n\t\t\t\t<div class=\"elementor-element elementor-element-d29b1da elementor-widget elementor-widget-heading\" data-id=\"d29b1da\" data-element_type=\"widget\" data-widget_type=\"heading.default\">\n\t\t\t\t<div class=\"elementor-widget-container\">\n\t\t\t<h2 class=\"elementor-heading-title elementor-size-default\"><strong>Zwi\u0119kszymy liczb\u0119 konsultacji spo\u0142ecznych<\/strong> na wszystkich etapach prac nad projektami, tak aby wys\u0142uchane by\u0142y opinie wszystkich os\u00f3b<\/h2>\t\t<\/div>\n\t\t\t\t<\/div>\n\t\t\t\t\t<\/div>\n\t\t\t\t<\/div>\n\t\t\t\t<\/div>\n\t\t\t\t\t<\/div>\n\t\t<\/div>\n\t\t\t\t\t<\/div>\n\t\t<\/section>\n\t\t\t\t<\/div>\n\t\t","protected":false},"excerpt":{"rendered":"<p>B\u0119dziemy dostarcza\u0107 spo\u0142ecze\u0144stwu rzetelnych informacji i zwi\u0119kszymy pewno\u015b\u0107 obywateli, \u017ce decyzje podejmowane s\u0105 w oparciu o interes spo\u0142eczny U\u0142atwimy obywatelom zg\u0142aszanie spraw, kt\u00f3re maj\u0105 zosta\u0107 poddane konsultacjom spo\u0142ecznym Zapewnimy dzia\u0142alno\u015b\u0107 rad m\u0142odzie\u017cowych Zwi\u0119kszymy liczb\u0119 konsultacji spo\u0142ecznych z osobami korzystaj\u0105cymi z pomocy opieki spo\u0142ecznej. Zwi\u0119kszymy liczb\u0119 konsultacji spo\u0142ecznych na wszystkich etapach prac nad projektami, tak aby [&hellip;]<\/p>\n","protected":false},"author":1,"featured_media":1271,"parent":1996,"menu_order":0,"comment_status":"closed","ping_status":"closed","template":"","meta":{"footnotes":""},"malefni":[],"class_list":["post-2063","page","type-page","status-publish","has-post-thumbnail","hentry"],"_links":{"self":[{"href":"https:\/\/x22.vg.is\/pl\/wp-json\/wp\/v2\/pages\/2063","targetHints":{"allow":["GET"]}}],"collection":[{"href":"https:\/\/x22.vg.is\/pl\/wp-json\/wp\/v2\/pages"}],"about":[{"href":"https:\/\/x22.vg.is\/pl\/wp-json\/wp\/v2\/types\/page"}],"author":[{"embeddable":true,"href":"https:\/\/x22.vg.is\/pl\/wp-json\/wp\/v2\/users\/1"}],"replies":[{"embeddable":true,"href":"https:\/\/x22.vg.is\/pl\/wp-json\/wp\/v2\/comments?post=2063"}],"version-history":[{"count":4,"href":"https:\/\/x22.vg.is\/pl\/wp-json\/wp\/v2\/pages\/2063\/revisions"}],"predecessor-version":[{"id":2071,"href":"https:\/\/x22.vg.is\/pl\/wp-json\/wp\/v2\/pages\/2063\/revisions\/2071"}],"up":[{"embeddable":true,"href":"https:\/\/x22.vg.is\/pl\/wp-json\/wp\/v2\/pages\/1996"}],"wp:featuredmedia":[{"embeddable":true,"href":"https:\/\/x22.vg.is\/pl\/wp-json\/wp\/v2\/media\/1271"}],"wp:attachment":[{"href":"https:\/\/x22.vg.is\/pl\/wp-json\/wp\/v2\/media?parent=2063"}],"wp:term":[{"taxonomy":"malefni","embeddable":true,"href":"https:\/\/x22.vg.is\/pl\/wp-json\/wp\/v2\/malefni?post=2063"}],"curies":[{"name":"wp","href":"https:\/\/api.w.org\/{rel}","templated":true}]}}